{"id":581,"date":"2024-02-19T13:22:59","date_gmt":"2024-02-19T12:22:59","guid":{"rendered":"https:\/\/leitza.ika.eus\/?page_id=581"},"modified":"2025-01-07T13:19:24","modified_gmt":"2025-01-07T12:19:24","slug":"politica-de-privacidad","status":"publish","type":"page","link":"https:\/\/leitza.ika.eus\/es\/politica-de-privacidad\/","title":{"rendered":"Pol\u00edtica de privacidad"},"content":{"rendered":"<section class=\"l-section wpb_row height_medium\"><div class=\"l-section-h i-cf\"><div class=\"g-cols vc_row via_flex valign_top type_default stacking_default\"><div class=\"vc_col-sm-12 wpb_column vc_column_container\"><div class=\"vc_column-inner\"><div class=\"wpb_wrapper\"><div class=\"wpb_text_column\"><div class=\"wpb_wrapper\"><p>La presente pol\u00edtica de privacidad tiene por objeto informar sobre los tratamientos de datos personales en este sitio web y describir los derechos de asistencia a los interesados, de conformidad con el Reglamento (UE) 2016\/679 del Parlamento Europeo y del Consejo, de 27 de abril de 2016, relativo a la protecci\u00f3n de las personas f\u00edsicas en lo que respecta al tratamiento de datos personales y a la libre circulaci\u00f3n de estos datos, y la protecci\u00f3n de los datos personales y garant\u00eda de los derechos digitales, de conformidad con la Ley Org\u00e1nica 3\/2018, de 5 de diciembre.<\/p>\n<h3><strong>\u00bfQui\u00e9n es el responsable del tratamiento de sus datos personales?<\/strong><\/h3>\n<p><strong>IKA LEITZA &#8211; LEITZAKO EUSKALTEGIA ELKARTEA<br \/>\n<\/strong><\/p>\n<p>NIF: G31263072<br \/>\nDirecci\u00f3n: Elbarren kalea 1 (Udaletxea). 31880 Leitza (Nafarroa)<br \/>\nTel\u00e9fono: +34 948 610 776<br \/>\nCorreo electr\u00f3nico: <a href=\"mailto:malerreka@ika.eus\" target=\"_blank\" rel=\"noopener\">leitza@ika.eus<\/a><\/p>\n<h3><strong>\u00bfCon qu\u00e9 finalidad recabamos sus datos?<\/strong><\/h3>\n<p data-pm-slice=\"1 1 &#091;&quot;list&quot;,null,&quot;list_item&quot;,{&quot;indent&quot;:1,&quot;type&quot;:&quot;bulleted&quot;}&#093;\">IKA LEITZA almacena estos datos con la finalidad de dar un buen servicio al usuario.<\/p>\n<h3><strong>\u00bfDurante cu\u00e1nto tiempo se almacenan los datos?<\/strong><\/h3>\n<p data-pm-slice=\"1 1 &#091;&quot;list&quot;,null,&quot;list_item&quot;,{&quot;indent&quot;:1,&quot;type&quot;:&quot;bulleted&quot;}&#093;\">Mientras no ordene que se retiren, sus datos se almacenar\u00e1n en el fichero IKA LEITZA.<\/p>\n<h3><strong>\u00bfQu\u00e9 nos legitima a utilizar sus datos?<\/strong><\/h3>\n<p>La base legal para el tratamiento de los datos recabados a trav\u00e9s de la web <a href=\"https:\/\/leitza.ika.eus\">leitza.ika.eus<\/a> es la siguiente:<\/p>\n<ol>\n<li>a<strong>.\u00a0<\/strong>El consentimiento expreso que nos ha dado al inscribirse.<\/li>\n<\/ol>\n<h3><strong>\u00bfA qui\u00e9n se le ceder\u00e1n sus datos?<\/strong><\/h3>\n<p>IKA LEITZA no pondr\u00e1 estos datos a disposici\u00f3n de terceros.<\/p>\n<h3><strong>\u00bfCu\u00e1les son sus derechos cuando nos facilita sus datos personales?<\/strong><\/h3>\n<p>La persona que proporcione sus datos podr\u00e1 ejercer los siguientes derechos sobre los mismos:<\/p>\n<p><em>Derecho de acceso:<\/em> La persona que facilite sus datos a IKA LEITZA podr\u00e1 solicitarle dichos datos para confirmar que est\u00e1 tratando sus datos personales.<\/p>\n<p><em>Derecho de rectificaci\u00f3n:<\/em> La persona que facilite sus datos podr\u00e1 solicitar la rectificaci\u00f3n de sus datos personales a IKA LEITZA, si estos no son correctos o no est\u00e1n completos.<\/p>\n<p><em>Derecho de supresi\u00f3n:<\/em> La persona que facilite sus datos podr\u00e1 solicitar a IKA LEITZA la supresi\u00f3n de sus datos personales, entre otros casos, cuando ya no sean necesarios para los objetivos para los que se recabaron.<\/p>\n<p><em>Derecho de oposici\u00f3n:<\/em> La persona que facilite sus datos puede oponerse a que IKA LEITZA trate sus datos personales. En ese caso, IKA LEITZA solo los conservar\u00e1 para hacer reclamaciones o para protegerse de ellas.<\/p>\n<p><em>Derecho a limitar el tratamiento:<\/em> La persona que facilite sus datos puede solicitar a IKA LEITZA que no utilice sus datos personales de forma provisional y para usos espec\u00edficos. En ese caso, IKA LEITZA solo los conservar\u00e1 para hacer reclamaciones o para protegerse de ellas.<\/p>\n<p><em>Derecho a la portabilidad:<\/em> La persona que facilite sus datos podr\u00e1 solicitar a IKA LEITZA que facilite sus datos en un formato estructurado y de f\u00e1cil acceso. Del mismo modo, podr\u00e1 solicitarle que le entregue sus datos a otro responsable.<\/p>\n<p><em>Derecho a revocar el consentimiento:<\/em> Si los datos personales se han obtenido con consentimiento expreso, la persona que facilite sus datos tendr\u00e1 derecho a revocar ese consentimiento en cualquier momento.<\/p>\n<p><em>Derecho a presentar reclamaciones:<\/em> La persona que facilite sus datos tendr\u00e1 derecho a presentar una reclamaci\u00f3n ante la Agencia Espa\u00f1ola de Protecci\u00f3n de Datos, en particular si considera que el ejercicio de sus derechos no ha sido adecuado. Dicha reclamaci\u00f3n puede realizarse por v\u00eda telem\u00e1tica, a trav\u00e9s de la sede electr\u00f3nica (<a href=\"http:\/\/www.agpd.es\/\">www.agpd.es<\/a>) o dirigi\u00e9ndose a la siguiente direcci\u00f3n (C\/ Jorge Juan, 6, 28001-Madrid)<\/p>\n<p>Para ejercer cualquiera de estos derechos, la persona que facilite sus datos puede dirigirse a la direcci\u00f3n postal o la direcci\u00f3n electr\u00f3nica de IKA MALERREKA, presentando una copia del DNI para poder comprobar su identidad.<\/p>\n<\/div><\/div><\/div><\/div><\/div><\/div><\/div><\/section>\n","protected":false},"excerpt":{"rendered":"La presente pol\u00edtica de privacidad tiene por objeto informar sobre los tratamientos de datos personales en este sitio web y describir los derechos de asistencia a los interesados, de conformidad con el Reglamento (UE) 2016\/679 del Parlamento Europeo y del Consejo, de 27 de abril de 2016, relativo a la protecci\u00f3n de las personas f\u00edsicas...","protected":false},"author":1,"featured_media":0,"parent":0,"menu_order":0,"comment_status":"closed","ping_status":"closed","template":"","meta":{"_acf_changed":false,"footnotes":""},"class_list":["post-581","page","type-page","status-publish","hentry"],"acf":[],"_links":{"self":[{"href":"https:\/\/leitza.ika.eus\/es\/wp-json\/wp\/v2\/pages\/581","targetHints":{"allow":["GET"]}}],"collection":[{"href":"https:\/\/leitza.ika.eus\/es\/wp-json\/wp\/v2\/pages"}],"about":[{"href":"https:\/\/leitza.ika.eus\/es\/wp-json\/wp\/v2\/types\/page"}],"author":[{"embeddable":true,"href":"https:\/\/leitza.ika.eus\/es\/wp-json\/wp\/v2\/users\/1"}],"replies":[{"embeddable":true,"href":"https:\/\/leitza.ika.eus\/es\/wp-json\/wp\/v2\/comments?post=581"}],"version-history":[{"count":2,"href":"https:\/\/leitza.ika.eus\/es\/wp-json\/wp\/v2\/pages\/581\/revisions"}],"predecessor-version":[{"id":708,"href":"https:\/\/leitza.ika.eus\/es\/wp-json\/wp\/v2\/pages\/581\/revisions\/708"}],"wp:attachment":[{"href":"https:\/\/leitza.ika.eus\/es\/wp-json\/wp\/v2\/media?parent=581"}],"curies":[{"name":"wp","href":"https:\/\/api.w.org\/{rel}","templated":true}]}}