{"id":569,"date":"2024-02-20T09:09:52","date_gmt":"2024-02-20T08:09:52","guid":{"rendered":"https:\/\/leitza.ika.eus\/?page_id=569"},"modified":"2025-01-13T12:32:49","modified_gmt":"2025-01-13T11:32:49","slug":"sobre-nosotros","status":"publish","type":"page","link":"https:\/\/leitza.ika.eus\/es\/sobre-nosotros\/","title":{"rendered":"Sobre nosotros"},"content":{"rendered":"<section class=\"l-section wpb_row height_medium\"><div class=\"l-section-h i-cf\"><div class=\"g-cols vc_row via_flex valign_top type_default stacking_default\"><div class=\"vc_col-sm-12 wpb_column vc_column_container\"><div class=\"vc_column-inner\"><div class=\"wpb_wrapper\">[vc_custom_heading text=\u00bbHistoria\u00bb use_theme_fonts=\u00bbyes\u00bb]<\/div><\/div><\/div><\/div><\/div><\/section><section class=\"l-section wpb_row us_custom_b992cee1 height_medium\"><div class=\"l-section-h i-cf\"><div class=\"g-cols vc_row via_flex valign_top type_default stacking_default\"><div class=\"vc_col-sm-6 wpb_column vc_column_container\"><div class=\"vc_column-inner\"><div class=\"wpb_wrapper\"><div class=\"wpb_text_column\"><div class=\"wpb_wrapper\"><p>Llevamos desde 1985 euskaldunizando adultos, primero en el Barnetegi de Leitza (primer barnetegi de Euskal Herria) y coordinados en la red de IKA desde 1990.<\/p>\n<p>Ese a\u00f1o se cre\u00f3 el Euskaltegi de Leitza y, aunque al principio s\u00f3lo impart\u00eda clases en Leitza, enseguida se extendi\u00f3 a toda la comarca.<\/p>\n<\/div><\/div><\/div><\/div><\/div><div class=\"vc_col-sm-6 wpb_column vc_column_container\"><div class=\"vc_column-inner\"><div class=\"wpb_wrapper\"><div class=\"w-image align_none\"><div class=\"w-image-h\"><img decoding=\"async\" width=\"1417\" height=\"689\" src=\"https:\/\/leitza.ika.eus\/wp-content\/uploads\/sites\/9\/2025\/01\/Goizueta_euskara_taldea-2019.jpg\" class=\"attachment-full size-full\" alt=\"\" loading=\"lazy\" srcset=\"https:\/\/leitza.ika.eus\/wp-content\/uploads\/sites\/9\/2025\/01\/Goizueta_euskara_taldea-2019.jpg 1417w, https:\/\/leitza.ika.eus\/wp-content\/uploads\/sites\/9\/2025\/01\/Goizueta_euskara_taldea-2019-300x146.jpg 300w, https:\/\/leitza.ika.eus\/wp-content\/uploads\/sites\/9\/2025\/01\/Goizueta_euskara_taldea-2019-1024x498.jpg 1024w\" sizes=\"auto, (max-width: 1417px) 100vw, 1417px\" \/><\/div><\/div><\/div><\/div><\/div><\/div><\/div><\/section>\n","protected":false},"excerpt":{"rendered":"[vc_custom_heading text=\"Historia\" use_theme_fonts=\"yes\"]Llevamos desde 1985 euskaldunizando adultos, primero en el Barnetegi de Leitza (primer barnetegi de Euskal Herria) y coordinados en la red de IKA desde 1990. Ese a\u00f1o se cre\u00f3 el Euskaltegi de Leitza y, aunque al principio s\u00f3lo impart\u00eda clases en Leitza, enseguida se extendi\u00f3 a toda la comarca.","protected":false},"author":1,"featured_media":0,"parent":0,"menu_order":0,"comment_status":"closed","ping_status":"closed","template":"","meta":{"_acf_changed":false,"footnotes":""},"class_list":["post-569","page","type-page","status-publish","hentry"],"acf":[],"_links":{"self":[{"href":"https:\/\/leitza.ika.eus\/es\/wp-json\/wp\/v2\/pages\/569","targetHints":{"allow":["GET"]}}],"collection":[{"href":"https:\/\/leitza.ika.eus\/es\/wp-json\/wp\/v2\/pages"}],"about":[{"href":"https:\/\/leitza.ika.eus\/es\/wp-json\/wp\/v2\/types\/page"}],"author":[{"embeddable":true,"href":"https:\/\/leitza.ika.eus\/es\/wp-json\/wp\/v2\/users\/1"}],"replies":[{"embeddable":true,"href":"https:\/\/leitza.ika.eus\/es\/wp-json\/wp\/v2\/comments?post=569"}],"version-history":[{"count":7,"href":"https:\/\/leitza.ika.eus\/es\/wp-json\/wp\/v2\/pages\/569\/revisions"}],"predecessor-version":[{"id":729,"href":"https:\/\/leitza.ika.eus\/es\/wp-json\/wp\/v2\/pages\/569\/revisions\/729"}],"wp:attachment":[{"href":"https:\/\/leitza.ika.eus\/es\/wp-json\/wp\/v2\/media?parent=569"}],"curies":[{"name":"wp","href":"https:\/\/api.w.org\/{rel}","templated":true}]}}